{"id":7,"date":"2023-11-21T20:06:58","date_gmt":"2023-11-22T01:06:58","guid":{"rendered":"https:\/\/transcaer.canadianchemistry.ca\/home-page\/"},"modified":"2026-02-04T15:03:27","modified_gmt":"2026-02-04T20:03:27","slug":"home-page","status":"publish","type":"page","link":"https:\/\/transcaer.canadianchemistry.ca\/fr\/","title":{"rendered":"Home Page"},"content":{"rendered":"<section class=\"section section--slider retain-top-padding\">\n          <div class=\"swipe-slider overlap\">\n              <div class=\"swipe-slide\">\n          <div class=\"grid-container\">\n            <div class=\"grid-x grid-padding-x\">\n              <div class=\"cell medium-7\">\n                <div class=\"swipe-overlap-text\">\n                                      <h4>Les membres de TRANSCAER\u00ae font preuve de transparence<\/h4>\n                                                        <p>Nous informons les communaut\u00e9s et les intervenants en cas d&rsquo;urgence des produits transport\u00e9s dans leur r\u00e9gion par camion et par train.<\/p>\n                                                          <a class=\"dotted-link\" href=\"https:\/\/transcaer.canadianchemistry.ca\/about-transcaer\/\" target=\"_self\"><\/a>\n                                  <\/div>\n              <\/div>\n              <div class=\"cell medium-5\">\n                                  <img decoding=\"async\" src=\"https:\/\/chimiecanadienne.ca\/wp-content\/uploads\/sites\/2\/2025\/04\/20250325-TRANSCAER-2726-1024x683.jpg\" alt=\"\" class=\"swipe-overlap-image\">\n                              <\/div>\n            <\/div>\n          <\/div>\n        <\/div>\n                <div class=\"swipe-slide\">\n          <div class=\"grid-container\">\n            <div class=\"grid-x grid-padding-x\">\n              <div class=\"cell medium-7\">\n                <div class=\"swipe-overlap-text\">\n                                      <h4>Nous collaborons avec les collectivit\u00e9s pour assurer la s\u00e9curit\u00e9 des Canadiens<\/h4>\n                                                        <p>Chaque ann\u00e9e des dizaines d&rsquo;\u00e9v\u00e9nements de formation et de liaison avec la collectivit\u00e9 sont tenus au titre du TRANSCAER\u00ae partout au Canada. Voyez ce qui se passe dans votre r\u00e9gion.<\/p>\n                                                          <a class=\"dotted-link\" href=\"https:\/\/transcaer.canadianchemistry.ca\/upcoming-transcaer-events\/\" target=\"_self\"><\/a>\n                                  <\/div>\n              <\/div>\n              <div class=\"cell medium-5\">\n                                  <img decoding=\"async\" src=\"https:\/\/chimiecanadienne.ca\/wp-content\/uploads\/sites\/2\/2025\/04\/20240515_191609-scaled.jpg\" alt=\"\" class=\"swipe-overlap-image\">\n                              <\/div>\n            <\/div>\n          <\/div>\n        <\/div>\n                <div class=\"swipe-slide\">\n          <div class=\"grid-container\">\n            <div class=\"grid-x grid-padding-x\">\n              <div class=\"cell medium-7\">\n                <div class=\"swipe-overlap-text\">\n                                      <h4>Une intervention d&rsquo;urgence efficace commence par la formation<\/h4>\n                                                        <p>Le Wagon-\u00e9cole TRANSCAER\u00ae voyage d&rsquo;un oc\u00e9an \u00e0 l&rsquo;autre, aidant \u00e0 former les intervenants d&rsquo;urgence \u00e0 la gestion s\u00e9curitaire des incidents de transport impliquant des marchandises dangereuses.<\/p>\n                                                          <a class=\"dotted-link\" href=\"https:\/\/transcaer.canadianchemistry.ca\/transcaer-safety-train\/\" target=\"_self\"><\/a>\n                                  <\/div>\n              <\/div>\n              <div class=\"cell medium-5\">\n                                  <img decoding=\"async\" src=\"https:\/\/chimiecanadienne.ca\/wp-content\/uploads\/sites\/2\/2025\/04\/20250325-TRANSCAER-6609-scaled.jpg\" alt=\"\" class=\"swipe-overlap-image\">\n                              <\/div>\n            <\/div>\n          <\/div>\n        <\/div>\n                <div class=\"swipe-slide\">\n          <div class=\"grid-container\">\n            <div class=\"grid-x grid-padding-x\">\n              <div class=\"cell medium-7\">\n                <div class=\"swipe-overlap-text\">\n                                      <h4>Visite de la r\u00e9alit\u00e9 virtuelle du CCPX 911<\/h4>\n                                                        <p>La visite en r\u00e9alit\u00e9 virtuelle TRANSCAER du CCPX 911 sensibilise \u00e0 la s\u00e9curit\u00e9 ferroviaire, aux interventions d&rsquo;urgence et au transport de marchandises dangereuses.<\/p>\n                                                          <a class=\"dotted-link\" href=\"https:\/\/transcaer.ca\/index.php\/en\/vr-safety-tour\" target=\"_self\"><\/a>\n                                  <\/div>\n              <\/div>\n              <div class=\"cell medium-5\">\n                                  <img decoding=\"async\" src=\"https:\/\/chimiecanadienne.ca\/wp-content\/uploads\/sites\/2\/2024\/03\/FTOBAKHWQAAKLr2-1-1024x810.jpg\" alt=\"\" class=\"swipe-overlap-image\">\n                              <\/div>\n            <\/div>\n          <\/div>\n        <\/div>\n              <\/div>\n      <\/section>\n\n\n<div class=\"wp-block-columns is-layout-flex wp-container-core-columns-is-layout-9d6595d7 wp-block-columns-is-layout-flex\">\n<div class=\"wp-block-column is-layout-flow wp-block-column-is-layout-flow\">\n<h2 class=\"wp-block-heading\">\u00c0 PROPOS DU TRANSCAER<sup>\u00ae<\/sup><\/h2>\n\n\n\n<p>L\u2019initiative de sensibilisation de la collectivit\u00e9 et d\u2019intervention d\u2019urgence en mati\u00e8re de transport (TRANSCAER) a \u00e9t\u00e9 lanc\u00e9e au Canada en 1985 par&nbsp;<a href=\"http:\/\/www.chimiecanadienne.ca\/\" target=\"_blank\" rel=\"noreferrer noopener\">l\u2019Association canadienne de l\u2019industrie de la chimie (ACIC)<\/a>. Elle est dirig\u00e9e aujourd\u2019hui par l\u2019ACIC et&nbsp;<a href=\"http:\/\/www.railcan.ca\/fr\" target=\"_blank\" rel=\"noreferrer noopener\">l\u2019Association des chemins de fer du Canada (ACFC)<\/a>. Les membres du TRANSCAER&nbsp;collaborent avec les municipalit\u00e9s, les intervenants d\u2019urgence et les r\u00e9sidents des collectivit\u00e9s situ\u00e9es le long des itin\u00e9raires de transport afin d\u2019assurer qu\u2019ils sont inform\u00e9s des produits qui sont transport\u00e9s dans leur r\u00e9gion et pr\u00eats \u00e0 r\u00e9agir aux incidents potentiels impliquant des marchandises dangereuses.<\/p>\n\n\n\n<div class=\"wp-block-buttons is-layout-flex wp-block-buttons-is-layout-flex\">\n<div class=\"wp-block-button\"><a class=\"wp-block-button__link wp-element-button\" href=\"https:\/\/transcaer.canadianchemistry.ca\/fr\/about-transcaer\/\">En Savoir Plus<\/a><\/div>\n<\/div>\n<\/div>\n\n\n\n<div class=\"wp-block-column is-layout-flow wp-block-column-is-layout-flow\"><section class=\"section section--recent-events\">\n    <div class=\"grid-container\">\n                  <h3>\u00c9v\u00e9nements r\u00e9cents<\/h3>\n               <div class=\"grid-x grid-padding-x align-middle\">\n                                    <div class=\"cell\">\n                <h4 class=\"bold\">Montreal TRANSCAER<\/h4>\n                <p><p>19 juin 2025 &#8211; s\u00e9ance 3<\/p>\n<\/p>\n                <a href=\"https:\/\/transcaer.canadianchemistry.ca\/fr\/event\/montreal-transcaer-3\/\" class=\"dotted-link\">Read More<\/a>\n            <\/div>\n                                                <div class=\"cell\">\n                <h4 class=\"bold\">Montreal TRANSCAER<\/h4>\n                <p><p>18 juin 2025 &#8211; s\u00e9ance 2<\/p>\n<\/p>\n                <a href=\"https:\/\/transcaer.canadianchemistry.ca\/fr\/event\/montreal-transcaer-2\/\" class=\"dotted-link\">Read More<\/a>\n            <\/div>\n                                                <div class=\"cell\">\n                <h4 class=\"bold\">Montreal TRANSCAER<\/h4>\n                <p><p>17 juin 2025 &#8211; s\u00e9ance 1<\/p>\n<\/p>\n                <a href=\"https:\/\/transcaer.canadianchemistry.ca\/fr\/event\/montreal-transcaer\/\" class=\"dotted-link\">Read More<\/a>\n            <\/div>\n                                 <\/div>\n          <\/div>\n<\/section>\n<\/div>\n<\/div>\n\n\n<section class=\"section section--logo-carousel retain-top-padding\">\n    <div class=\"grid-container\">\n                    <h2 class=\"text-center\">Membres et Partenaires<\/h2>\n                                <ul class=\"logo-carousel\">\n                                        <li>\n                                                            <img decoding=\"async\" src=\"https:\/\/chimiecanadienne.ca\/wp-content\/uploads\/sites\/2\/2024\/07\/ACC_Logo_color-1024x511.jpg\" alt=\"\">\n                                                    <\/li>\n                                                <li>\n                                                            <img decoding=\"async\" src=\"https:\/\/chimiecanadienne.ca\/wp-content\/uploads\/sites\/2\/2024\/02\/RDC_DRC_Responsible_Distribution_Canada_Distribution_Responsable_Canada-1-1024x632.png\" alt=\"\">\n                                                    <\/li>\n                                                <li>\n                                                            <img decoding=\"async\" src=\"https:\/\/chimiecanadienne.ca\/wp-content\/uploads\/sites\/2\/2024\/02\/CAFC-logo.png\" alt=\"\">\n                                                    <\/li>\n                                                <li>\n                                                            <img decoding=\"async\" src=\"https:\/\/chimiecanadienne.ca\/wp-content\/uploads\/sites\/2\/2024\/02\/CI-logo.png\" alt=\"\">\n                                                    <\/li>\n                                                <li>\n                                                            <img decoding=\"async\" src=\"https:\/\/chimiecanadienne.ca\/wp-content\/uploads\/sites\/2\/2024\/02\/canadian-fuels-association-logo-1.png\" alt=\"\">\n                                                    <\/li>\n                                                <li>\n                                                            <img decoding=\"async\" src=\"https:\/\/chimiecanadienne.ca\/wp-content\/uploads\/sites\/2\/2023\/12\/phpThumb_generated_thumbnailjpg-5.jpg\" alt=\"\">\n                                                    <\/li>\n                                                <li>\n                                                            <img decoding=\"async\" src=\"https:\/\/chimiecanadienne.ca\/wp-content\/uploads\/sites\/2\/2024\/02\/cercalogo1-1-1024x475-1.png\" alt=\"\">\n                                                    <\/li>\n                                                <li>\n                                                            <img decoding=\"async\" src=\"https:\/\/chimiecanadienne.ca\/wp-content\/uploads\/sites\/2\/2024\/02\/ERAC_Logo.jpg\" alt=\"\">\n                                                    <\/li>\n                                                <li>\n                                                            <img decoding=\"async\" src=\"https:\/\/chimiecanadienne.ca\/wp-content\/uploads\/sites\/2\/2023\/12\/phpThumb_generated_thumbnailjpg-8.jpg\" alt=\"\">\n                                                    <\/li>\n                                                <li>\n                                                            <img decoding=\"async\" src=\"https:\/\/chimiecanadienne.ca\/wp-content\/uploads\/sites\/2\/2023\/12\/rac-logo.jpg\" alt=\"\">\n                                                    <\/li>\n                                      <\/ul>\n                  <\/div>\n<\/section>","protected":false},"excerpt":{"rendered":"<p>\u00c0 PROPOS DU TRANSCAER\u00ae L\u2019initiative de sensibilisation de la collectivit\u00e9 et d\u2019intervention d\u2019urgence en mati\u00e8re de transport (TRANSCAER) a \u00e9t\u00e9 lanc\u00e9e au Canada en 1985 par&nbsp;l\u2019Association canadienne de l\u2019industrie de la chimie (ACIC). Elle est dirig\u00e9e aujourd\u2019hui par l\u2019ACIC et&nbsp;l\u2019Association des chemins de fer du Canada (ACFC). Les membres du TRANSCAER&nbsp;collaborent avec les municipalit\u00e9s, les [&hellip;]<\/p>\n","protected":false},"author":13,"featured_media":0,"parent":0,"menu_order":12,"comment_status":"closed","ping_status":"closed","template":"","meta":{"_acf_changed":false,"footnotes":""},"class_list":["post-7","page","type-page","status-publish","hentry"],"acf":[],"yoast_head":"<!-- This site is optimized with the Yoast SEO plugin v27.4 - https:\/\/yoast.com\/product\/yoast-seo-wordpress\/ -->\n<title>Home Page - TRANSCAER<\/title>\n<meta name=\"robots\" content=\"index, follow, max-snippet:-1, max-image-preview:large, max-video-preview:-1\" \/>\n<link rel=\"canonical\" href=\"https:\/\/transcaer.canadianchemistry.ca\/fr\/home-page\/\" \/>\n<meta property=\"og:locale\" content=\"fr_FR\" \/>\n<meta property=\"og:type\" content=\"article\" \/>\n<meta property=\"og:title\" content=\"Home Page - TRANSCAER\" \/>\n<meta property=\"og:description\" content=\"\u00c0 PROPOS DU TRANSCAER\u00ae L\u2019initiative de sensibilisation de la collectivit\u00e9 et d\u2019intervention d\u2019urgence en mati\u00e8re de transport (TRANSCAER) a \u00e9t\u00e9 lanc\u00e9e au Canada en 1985 par&nbsp;l\u2019Association canadienne de l\u2019industrie de la chimie (ACIC). Elle est dirig\u00e9e aujourd\u2019hui par l\u2019ACIC et&nbsp;l\u2019Association des chemins de fer du Canada (ACFC). Les membres du TRANSCAER&nbsp;collaborent avec les municipalit\u00e9s, les [&hellip;]\" \/>\n<meta property=\"og:url\" content=\"https:\/\/transcaer.canadianchemistry.ca\/fr\/home-page\/\" \/>\n<meta property=\"og:site_name\" content=\"TRANSCAER\" \/>\n<meta property=\"article:modified_time\" content=\"2026-02-04T20:03:27+00:00\" \/>\n<meta name=\"twitter:card\" content=\"summary_large_image\" \/>\n<meta name=\"twitter:label1\" content=\"Dur\u00e9e de lecture estim\u00e9e\" \/>\n\t<meta name=\"twitter:data1\" content=\"1 minute\" \/>\n<script type=\"application\/ld+json\" class=\"yoast-schema-graph\">{\"@context\":\"https:\\\/\\\/schema.org\",\"@graph\":[{\"@type\":\"WebPage\",\"@id\":\"https:\\\/\\\/transcaer.canadianchemistry.ca\\\/fr\\\/home-page\\\/\",\"url\":\"https:\\\/\\\/transcaer.canadianchemistry.ca\\\/fr\\\/home-page\\\/\",\"name\":\"Home Page - TRANSCAER\",\"isPartOf\":{\"@id\":\"https:\\\/\\\/transcaer.canadianchemistry.ca\\\/fr\\\/#website\"},\"datePublished\":\"2023-11-22T01:06:58+00:00\",\"dateModified\":\"2026-02-04T20:03:27+00:00\",\"breadcrumb\":{\"@id\":\"https:\\\/\\\/transcaer.canadianchemistry.ca\\\/fr\\\/home-page\\\/#breadcrumb\"},\"inLanguage\":\"fr-FR\",\"potentialAction\":[{\"@type\":\"ReadAction\",\"target\":[\"https:\\\/\\\/transcaer.canadianchemistry.ca\\\/fr\\\/home-page\\\/\"]}]},{\"@type\":\"BreadcrumbList\",\"@id\":\"https:\\\/\\\/transcaer.canadianchemistry.ca\\\/fr\\\/home-page\\\/#breadcrumb\",\"itemListElement\":[{\"@type\":\"ListItem\",\"position\":1,\"name\":\"Home\",\"item\":\"https:\\\/\\\/transcaer.canadianchemistry.ca\\\/fr\\\/home-page\\\/\"},{\"@type\":\"ListItem\",\"position\":2,\"name\":\"Home Page\"}]},{\"@type\":\"WebSite\",\"@id\":\"https:\\\/\\\/transcaer.canadianchemistry.ca\\\/fr\\\/#website\",\"url\":\"https:\\\/\\\/transcaer.canadianchemistry.ca\\\/fr\\\/\",\"name\":\"TRANSCAER\",\"description\":\"\",\"potentialAction\":[{\"@type\":\"SearchAction\",\"target\":{\"@type\":\"EntryPoint\",\"urlTemplate\":\"https:\\\/\\\/transcaer.canadianchemistry.ca\\\/fr\\\/?s={search_term_string}\"},\"query-input\":{\"@type\":\"PropertyValueSpecification\",\"valueRequired\":true,\"valueName\":\"search_term_string\"}}],\"inLanguage\":\"fr-FR\"}]}<\/script>\n<!-- \/ Yoast SEO plugin. -->","yoast_head_json":{"title":"Home Page - TRANSCAER","robots":{"index":"index","follow":"follow","max-snippet":"max-snippet:-1","max-image-preview":"max-image-preview:large","max-video-preview":"max-video-preview:-1"},"canonical":"https:\/\/transcaer.canadianchemistry.ca\/fr\/home-page\/","og_locale":"fr_FR","og_type":"article","og_title":"Home Page - TRANSCAER","og_description":"\u00c0 PROPOS DU TRANSCAER\u00ae L\u2019initiative de sensibilisation de la collectivit\u00e9 et d\u2019intervention d\u2019urgence en mati\u00e8re de transport (TRANSCAER) a \u00e9t\u00e9 lanc\u00e9e au Canada en 1985 par&nbsp;l\u2019Association canadienne de l\u2019industrie de la chimie (ACIC). Elle est dirig\u00e9e aujourd\u2019hui par l\u2019ACIC et&nbsp;l\u2019Association des chemins de fer du Canada (ACFC). Les membres du TRANSCAER&nbsp;collaborent avec les municipalit\u00e9s, les [&hellip;]","og_url":"https:\/\/transcaer.canadianchemistry.ca\/fr\/home-page\/","og_site_name":"TRANSCAER","article_modified_time":"2026-02-04T20:03:27+00:00","twitter_card":"summary_large_image","twitter_misc":{"Dur\u00e9e de lecture estim\u00e9e":"1 minute"},"schema":{"@context":"https:\/\/schema.org","@graph":[{"@type":"WebPage","@id":"https:\/\/transcaer.canadianchemistry.ca\/fr\/home-page\/","url":"https:\/\/transcaer.canadianchemistry.ca\/fr\/home-page\/","name":"Home Page - TRANSCAER","isPartOf":{"@id":"https:\/\/transcaer.canadianchemistry.ca\/fr\/#website"},"datePublished":"2023-11-22T01:06:58+00:00","dateModified":"2026-02-04T20:03:27+00:00","breadcrumb":{"@id":"https:\/\/transcaer.canadianchemistry.ca\/fr\/home-page\/#breadcrumb"},"inLanguage":"fr-FR","potentialAction":[{"@type":"ReadAction","target":["https:\/\/transcaer.canadianchemistry.ca\/fr\/home-page\/"]}]},{"@type":"BreadcrumbList","@id":"https:\/\/transcaer.canadianchemistry.ca\/fr\/home-page\/#breadcrumb","itemListElement":[{"@type":"ListItem","position":1,"name":"Home","item":"https:\/\/transcaer.canadianchemistry.ca\/fr\/home-page\/"},{"@type":"ListItem","position":2,"name":"Home Page"}]},{"@type":"WebSite","@id":"https:\/\/transcaer.canadianchemistry.ca\/fr\/#website","url":"https:\/\/transcaer.canadianchemistry.ca\/fr\/","name":"TRANSCAER","description":"","potentialAction":[{"@type":"SearchAction","target":{"@type":"EntryPoint","urlTemplate":"https:\/\/transcaer.canadianchemistry.ca\/fr\/?s={search_term_string}"},"query-input":{"@type":"PropertyValueSpecification","valueRequired":true,"valueName":"search_term_string"}}],"inLanguage":"fr-FR"}]}},"_links":{"self":[{"href":"https:\/\/transcaer.canadianchemistry.ca\/fr\/wp-json\/wp\/v2\/pages\/7","targetHints":{"allow":["GET"]}}],"collection":[{"href":"https:\/\/transcaer.canadianchemistry.ca\/fr\/wp-json\/wp\/v2\/pages"}],"about":[{"href":"https:\/\/transcaer.canadianchemistry.ca\/fr\/wp-json\/wp\/v2\/types\/page"}],"author":[{"embeddable":true,"href":"https:\/\/transcaer.canadianchemistry.ca\/fr\/wp-json\/wp\/v2\/users\/13"}],"replies":[{"embeddable":true,"href":"https:\/\/transcaer.canadianchemistry.ca\/fr\/wp-json\/wp\/v2\/comments?post=7"}],"version-history":[{"count":7,"href":"https:\/\/transcaer.canadianchemistry.ca\/fr\/wp-json\/wp\/v2\/pages\/7\/revisions"}],"predecessor-version":[{"id":1941,"href":"https:\/\/transcaer.canadianchemistry.ca\/fr\/wp-json\/wp\/v2\/pages\/7\/revisions\/1941"}],"wp:attachment":[{"href":"https:\/\/transcaer.canadianchemistry.ca\/fr\/wp-json\/wp\/v2\/media?parent=7"}],"curies":[{"name":"wp","href":"https:\/\/api.w.org\/{rel}","templated":true}]}}