{"id":1658,"date":"2024-08-29T14:50:30","date_gmt":"2024-08-29T18:50:30","guid":{"rendered":"https:\/\/transcaer.canadianchemistry.ca\/?page_id=1658"},"modified":"2026-02-04T15:13:09","modified_gmt":"2026-02-04T20:13:09","slug":"formation-en-ligne-ppit-strategies-de-reponse-aux-incidents-lies-au-transport-routier-de-produits-petroliers","status":"publish","type":"page","link":"https:\/\/transcaer.canadianchemistry.ca\/fr\/formation-en-ligne-ppit-strategies-de-reponse-aux-incidents-lies-au-transport-routier-de-produits-petroliers\/","title":{"rendered":"Formation en ligne PPIT \u2014 Strat\u00e9gies de r\u00e9ponse aux incidents li\u00e9s au transport routier de produits p\u00e9troliers."},"content":{"rendered":"\n<section class=\"section section--links retain-top-padding\">\n  <div class=\"grid-container\">\n          <h3 class=\"bold text-left\">Formation en ligne PPIT \u2014 Strat\u00e9gies de r\u00e9ponse aux incidents li\u00e9s au transport routier de produits p\u00e9troliers.<\/h3>\n                    <div class=\"grid-x grid-padding-x\">\n              <div class=\"cell medium-4\">\n                                  <img decoding=\"async\" src=\"https:\/\/chimiecanadienne.ca\/wp-content\/uploads\/sites\/2\/2024\/08\/Screenshot-2024-08-29-145552-1024x419.png\" alt=\"\">\n                              <\/div>\n              <div class=\"cell medium-4\">\n                                  <a href=\"https:\/\/ecrc-simec.bluedrop.io\/storefront\/ecrc-simec\" target=\"_self\">\n                                                  <h5>Formation en ligne PPIT \u2014 Strat\u00e9gies de r\u00e9ponse aux incidents li\u00e9s au transport routier de produits p\u00e9troliers.<\/h5>\n                                                  <\/a>\n                              <\/div>\n               <div class=\"cell medium-4\">\n                                  <a href=\"https:\/\/ecrc-simec.bluedrop.io\/storefront\/ecrc-simec\" target=\"_self\"><\/a>\n                              <\/div>\n            <\/div>\n              <\/div>\n<\/section>\n\n\n<p>Cette formation couvre les pratiques exemplaires recommand\u00e9es et s\u2019adresse aux personnes et aux organisations qui interviennent en cas d\u2019incidents impliquant des produits d\u2019hydrocarbures. Les objectifs de ce programme de formation sont d\u2019aider les intervenants dans les domaines suivants :<\/p>\n\n\n\n<p>o Caract\u00e9ristiques de base de la conception des citernes \u00e0 cargaison<br>o Processus d\u2019\u00e9valuation des dommages<br>o M\u00e9thodes susceptibles de cr\u00e9er des br\u00e8ches dans les conteneurs<br>o Comprendre le comportement des produits<br>o Exigences en mati\u00e8re d\u2019\u00e9quipement de protection individuelle<br>o Proc\u00e9dures de contr\u00f4le des d\u00e9versements et des fuites<br>o D\u00e9crire les m\u00e9thodes de chargement\/d\u00e9chargement<br>o Syst\u00e8me de commandement des interventions<\/p>\n","protected":false},"excerpt":{"rendered":"<p>Cette formation couvre les pratiques exemplaires recommand\u00e9es et s\u2019adresse aux personnes et aux organisations qui interviennent en cas d\u2019incidents impliquant des produits d\u2019hydrocarbures. Les objectifs de ce programme de formation sont d\u2019aider les intervenants dans les domaines suivants : o Caract\u00e9ristiques de base de la conception des citernes \u00e0 cargaisono Processus d\u2019\u00e9valuation des dommageso M\u00e9thodes [&hellip;]<\/p>\n","protected":false},"author":14,"featured_media":0,"parent":0,"menu_order":16,"comment_status":"closed","ping_status":"closed","template":"","meta":{"_acf_changed":false,"footnotes":""},"class_list":["post-1658","page","type-page","status-publish","hentry"],"acf":[],"yoast_head":"<!-- This site is optimized with the Yoast SEO plugin v27.3 - https:\/\/yoast.com\/product\/yoast-seo-wordpress\/ -->\n<title>Formation en ligne PPIT \u2014 Strat\u00e9gies de r\u00e9ponse aux incidents li\u00e9s au transport routier de produits p\u00e9troliers. - TRANSCAER<\/title>\n<meta name=\"robots\" content=\"index, follow, max-snippet:-1, max-image-preview:large, max-video-preview:-1\" \/>\n<link rel=\"canonical\" href=\"https:\/\/transcaer.canadianchemistry.ca\/fr\/formation-en-ligne-ppit-strategies-de-reponse-aux-incidents-lies-au-transport-routier-de-produits-petroliers\/\" \/>\n<meta property=\"og:locale\" content=\"fr_FR\" \/>\n<meta property=\"og:type\" content=\"article\" \/>\n<meta property=\"og:title\" content=\"Formation en ligne PPIT \u2014 Strat\u00e9gies de r\u00e9ponse aux incidents li\u00e9s au transport routier de produits p\u00e9troliers. - TRANSCAER\" \/>\n<meta property=\"og:description\" content=\"Cette formation couvre les pratiques exemplaires recommand\u00e9es et s\u2019adresse aux personnes et aux organisations qui interviennent en cas d\u2019incidents impliquant des produits d\u2019hydrocarbures. Les objectifs de ce programme de formation sont d\u2019aider les intervenants dans les domaines suivants : o Caract\u00e9ristiques de base de la conception des citernes \u00e0 cargaisono Processus d\u2019\u00e9valuation des dommageso M\u00e9thodes [&hellip;]\" \/>\n<meta property=\"og:url\" content=\"https:\/\/transcaer.canadianchemistry.ca\/fr\/formation-en-ligne-ppit-strategies-de-reponse-aux-incidents-lies-au-transport-routier-de-produits-petroliers\/\" \/>\n<meta property=\"og:site_name\" content=\"TRANSCAER\" \/>\n<meta property=\"article:modified_time\" content=\"2026-02-04T20:13:09+00:00\" \/>\n<meta name=\"twitter:card\" content=\"summary_large_image\" \/>\n<meta name=\"twitter:label1\" content=\"Dur\u00e9e de lecture estim\u00e9e\" \/>\n\t<meta name=\"twitter:data1\" content=\"1 minute\" \/>\n<script type=\"application\/ld+json\" class=\"yoast-schema-graph\">{\"@context\":\"https:\\\/\\\/schema.org\",\"@graph\":[{\"@type\":\"WebPage\",\"@id\":\"https:\\\/\\\/transcaer.canadianchemistry.ca\\\/fr\\\/formation-en-ligne-ppit-strategies-de-reponse-aux-incidents-lies-au-transport-routier-de-produits-petroliers\\\/\",\"url\":\"https:\\\/\\\/transcaer.canadianchemistry.ca\\\/fr\\\/formation-en-ligne-ppit-strategies-de-reponse-aux-incidents-lies-au-transport-routier-de-produits-petroliers\\\/\",\"name\":\"Formation en ligne PPIT \u2014 Strat\u00e9gies de r\u00e9ponse aux incidents li\u00e9s au transport routier de produits p\u00e9troliers. - TRANSCAER\",\"isPartOf\":{\"@id\":\"https:\\\/\\\/transcaer.canadianchemistry.ca\\\/fr\\\/#website\"},\"datePublished\":\"2024-08-29T18:50:30+00:00\",\"dateModified\":\"2026-02-04T20:13:09+00:00\",\"breadcrumb\":{\"@id\":\"https:\\\/\\\/transcaer.canadianchemistry.ca\\\/fr\\\/formation-en-ligne-ppit-strategies-de-reponse-aux-incidents-lies-au-transport-routier-de-produits-petroliers\\\/#breadcrumb\"},\"inLanguage\":\"fr-FR\",\"potentialAction\":[{\"@type\":\"ReadAction\",\"target\":[\"https:\\\/\\\/transcaer.canadianchemistry.ca\\\/fr\\\/formation-en-ligne-ppit-strategies-de-reponse-aux-incidents-lies-au-transport-routier-de-produits-petroliers\\\/\"]}]},{\"@type\":\"BreadcrumbList\",\"@id\":\"https:\\\/\\\/transcaer.canadianchemistry.ca\\\/fr\\\/formation-en-ligne-ppit-strategies-de-reponse-aux-incidents-lies-au-transport-routier-de-produits-petroliers\\\/#breadcrumb\",\"itemListElement\":[{\"@type\":\"ListItem\",\"position\":1,\"name\":\"Home\",\"item\":\"https:\\\/\\\/transcaer.canadianchemistry.ca\\\/fr\\\/home-page\\\/\"},{\"@type\":\"ListItem\",\"position\":2,\"name\":\"Formation en ligne PPIT \u2014 Strat\u00e9gies de r\u00e9ponse aux incidents li\u00e9s au transport routier de produits p\u00e9troliers.\"}]},{\"@type\":\"WebSite\",\"@id\":\"https:\\\/\\\/transcaer.canadianchemistry.ca\\\/fr\\\/#website\",\"url\":\"https:\\\/\\\/transcaer.canadianchemistry.ca\\\/fr\\\/\",\"name\":\"TRANSCAER\",\"description\":\"\",\"potentialAction\":[{\"@type\":\"SearchAction\",\"target\":{\"@type\":\"EntryPoint\",\"urlTemplate\":\"https:\\\/\\\/transcaer.canadianchemistry.ca\\\/fr\\\/?s={search_term_string}\"},\"query-input\":{\"@type\":\"PropertyValueSpecification\",\"valueRequired\":true,\"valueName\":\"search_term_string\"}}],\"inLanguage\":\"fr-FR\"}]}<\/script>\n<!-- \/ Yoast SEO plugin. -->","yoast_head_json":{"title":"Formation en ligne PPIT \u2014 Strat\u00e9gies de r\u00e9ponse aux incidents li\u00e9s au transport routier de produits p\u00e9troliers. - TRANSCAER","robots":{"index":"index","follow":"follow","max-snippet":"max-snippet:-1","max-image-preview":"max-image-preview:large","max-video-preview":"max-video-preview:-1"},"canonical":"https:\/\/transcaer.canadianchemistry.ca\/fr\/formation-en-ligne-ppit-strategies-de-reponse-aux-incidents-lies-au-transport-routier-de-produits-petroliers\/","og_locale":"fr_FR","og_type":"article","og_title":"Formation en ligne PPIT \u2014 Strat\u00e9gies de r\u00e9ponse aux incidents li\u00e9s au transport routier de produits p\u00e9troliers. - TRANSCAER","og_description":"Cette formation couvre les pratiques exemplaires recommand\u00e9es et s\u2019adresse aux personnes et aux organisations qui interviennent en cas d\u2019incidents impliquant des produits d\u2019hydrocarbures. Les objectifs de ce programme de formation sont d\u2019aider les intervenants dans les domaines suivants : o Caract\u00e9ristiques de base de la conception des citernes \u00e0 cargaisono Processus d\u2019\u00e9valuation des dommageso M\u00e9thodes [&hellip;]","og_url":"https:\/\/transcaer.canadianchemistry.ca\/fr\/formation-en-ligne-ppit-strategies-de-reponse-aux-incidents-lies-au-transport-routier-de-produits-petroliers\/","og_site_name":"TRANSCAER","article_modified_time":"2026-02-04T20:13:09+00:00","twitter_card":"summary_large_image","twitter_misc":{"Dur\u00e9e de lecture estim\u00e9e":"1 minute"},"schema":{"@context":"https:\/\/schema.org","@graph":[{"@type":"WebPage","@id":"https:\/\/transcaer.canadianchemistry.ca\/fr\/formation-en-ligne-ppit-strategies-de-reponse-aux-incidents-lies-au-transport-routier-de-produits-petroliers\/","url":"https:\/\/transcaer.canadianchemistry.ca\/fr\/formation-en-ligne-ppit-strategies-de-reponse-aux-incidents-lies-au-transport-routier-de-produits-petroliers\/","name":"Formation en ligne PPIT \u2014 Strat\u00e9gies de r\u00e9ponse aux incidents li\u00e9s au transport routier de produits p\u00e9troliers. - TRANSCAER","isPartOf":{"@id":"https:\/\/transcaer.canadianchemistry.ca\/fr\/#website"},"datePublished":"2024-08-29T18:50:30+00:00","dateModified":"2026-02-04T20:13:09+00:00","breadcrumb":{"@id":"https:\/\/transcaer.canadianchemistry.ca\/fr\/formation-en-ligne-ppit-strategies-de-reponse-aux-incidents-lies-au-transport-routier-de-produits-petroliers\/#breadcrumb"},"inLanguage":"fr-FR","potentialAction":[{"@type":"ReadAction","target":["https:\/\/transcaer.canadianchemistry.ca\/fr\/formation-en-ligne-ppit-strategies-de-reponse-aux-incidents-lies-au-transport-routier-de-produits-petroliers\/"]}]},{"@type":"BreadcrumbList","@id":"https:\/\/transcaer.canadianchemistry.ca\/fr\/formation-en-ligne-ppit-strategies-de-reponse-aux-incidents-lies-au-transport-routier-de-produits-petroliers\/#breadcrumb","itemListElement":[{"@type":"ListItem","position":1,"name":"Home","item":"https:\/\/transcaer.canadianchemistry.ca\/fr\/home-page\/"},{"@type":"ListItem","position":2,"name":"Formation en ligne PPIT \u2014 Strat\u00e9gies de r\u00e9ponse aux incidents li\u00e9s au transport routier de produits p\u00e9troliers."}]},{"@type":"WebSite","@id":"https:\/\/transcaer.canadianchemistry.ca\/fr\/#website","url":"https:\/\/transcaer.canadianchemistry.ca\/fr\/","name":"TRANSCAER","description":"","potentialAction":[{"@type":"SearchAction","target":{"@type":"EntryPoint","urlTemplate":"https:\/\/transcaer.canadianchemistry.ca\/fr\/?s={search_term_string}"},"query-input":{"@type":"PropertyValueSpecification","valueRequired":true,"valueName":"search_term_string"}}],"inLanguage":"fr-FR"}]}},"_links":{"self":[{"href":"https:\/\/transcaer.canadianchemistry.ca\/fr\/wp-json\/wp\/v2\/pages\/1658","targetHints":{"allow":["GET"]}}],"collection":[{"href":"https:\/\/transcaer.canadianchemistry.ca\/fr\/wp-json\/wp\/v2\/pages"}],"about":[{"href":"https:\/\/transcaer.canadianchemistry.ca\/fr\/wp-json\/wp\/v2\/types\/page"}],"author":[{"embeddable":true,"href":"https:\/\/transcaer.canadianchemistry.ca\/fr\/wp-json\/wp\/v2\/users\/14"}],"replies":[{"embeddable":true,"href":"https:\/\/transcaer.canadianchemistry.ca\/fr\/wp-json\/wp\/v2\/comments?post=1658"}],"version-history":[{"count":3,"href":"https:\/\/transcaer.canadianchemistry.ca\/fr\/wp-json\/wp\/v2\/pages\/1658\/revisions"}],"predecessor-version":[{"id":1664,"href":"https:\/\/transcaer.canadianchemistry.ca\/fr\/wp-json\/wp\/v2\/pages\/1658\/revisions\/1664"}],"wp:attachment":[{"href":"https:\/\/transcaer.canadianchemistry.ca\/fr\/wp-json\/wp\/v2\/media?parent=1658"}],"curies":[{"name":"wp","href":"https:\/\/api.w.org\/{rel}","templated":true}]}}