{"id":1051,"date":"2023-11-23T16:37:05","date_gmt":"2023-11-23T21:37:05","guid":{"rendered":"https:\/\/transcaer.canadianchemistry.ca\/contact\/"},"modified":"2026-02-04T15:13:08","modified_gmt":"2026-02-04T20:13:08","slug":"contact","status":"publish","type":"page","link":"https:\/\/transcaer.canadianchemistry.ca\/fr\/contact\/","title":{"rendered":"Pour Nous Joindre"},"content":{"rendered":"\n<div class=\"wp-block-columns is-layout-flex wp-container-core-columns-is-layout-9d6595d7 wp-block-columns-is-layout-flex\">\n<div class=\"wp-block-column is-layout-flow wp-block-column-is-layout-flow\">\n<h2 class=\"wp-block-heading\">DEMANDES G\u00c9N\u00c9RALES:<\/h2>\n\n\n\n<p><strong>Kristina Adler<\/strong><br>Coordonnatrice du Comit\u00e9 national du TRANSCAER<sup>\u00ae<\/sup><br>Agent des politiques et des programmes de transports<br>Association canadienne de l\u2019industrie de la chimie<br>T\u00e9l.: 514-712-8727<br><a href=\"http:\/\/kadler@canadianchemistry.ca\/\">kadler@canadianchemistry.ca<\/a><\/p>\n<\/div>\n\n\n\n<div class=\"wp-block-column is-layout-flow wp-block-column-is-layout-flow\">\n<h2 class=\"wp-block-heading\">DEMANDES DES M\u00c9DIAS<\/h2>\n\n\n\n<p><strong>Devon Babin<\/strong><br>Directrice, Communications<br>Association canadienne de l\u2019industrie de la chimie<br>Tel: 613-620-3386<br><a href=\"http:\/\/jfortier@canadianchemistry,ca\/\">dbabin@canadianchemistry.ca<\/a><\/p>\n<\/div>\n<\/div>\n","protected":false},"excerpt":{"rendered":"<p>DEMANDES G\u00c9N\u00c9RALES: Kristina AdlerCoordonnatrice du Comit\u00e9 national du TRANSCAER\u00aeAgent des politiques et des programmes de transportsAssociation canadienne de l\u2019industrie de la chimieT\u00e9l.: 514-712-8727kadler@canadianchemistry.ca DEMANDES DES M\u00c9DIAS Devon BabinDirectrice, CommunicationsAssociation canadienne de l\u2019industrie de la chimieTel: 613-620-3386dbabin@canadianchemistry.ca<\/p>\n","protected":false},"author":4,"featured_media":0,"parent":0,"menu_order":7,"comment_status":"closed","ping_status":"closed","template":"template-page_title.php","meta":{"_acf_changed":false,"footnotes":""},"class_list":["post-1051","page","type-page","status-publish","hentry"],"acf":[],"yoast_head":"<!-- This site is optimized with the Yoast SEO plugin v27.4 - https:\/\/yoast.com\/product\/yoast-seo-wordpress\/ -->\n<title>Pour Nous Joindre - TRANSCAER<\/title>\n<meta name=\"robots\" content=\"index, follow, max-snippet:-1, max-image-preview:large, max-video-preview:-1\" \/>\n<link rel=\"canonical\" href=\"https:\/\/transcaer.canadianchemistry.ca\/fr\/contact\/\" \/>\n<meta property=\"og:locale\" content=\"fr_FR\" \/>\n<meta property=\"og:type\" content=\"article\" \/>\n<meta property=\"og:title\" content=\"Pour Nous Joindre - TRANSCAER\" \/>\n<meta property=\"og:description\" content=\"DEMANDES G\u00c9N\u00c9RALES: Kristina AdlerCoordonnatrice du Comit\u00e9 national du TRANSCAER\u00aeAgent des politiques et des programmes de transportsAssociation canadienne de l\u2019industrie de la chimieT\u00e9l.: 514-712-8727kadler@canadianchemistry.ca DEMANDES DES M\u00c9DIAS Devon BabinDirectrice, CommunicationsAssociation canadienne de l\u2019industrie de la chimieTel: 613-620-3386dbabin@canadianchemistry.ca\" \/>\n<meta property=\"og:url\" content=\"https:\/\/transcaer.canadianchemistry.ca\/fr\/contact\/\" \/>\n<meta property=\"og:site_name\" content=\"TRANSCAER\" \/>\n<meta property=\"article:modified_time\" content=\"2026-02-04T20:13:08+00:00\" \/>\n<meta name=\"twitter:card\" content=\"summary_large_image\" \/>\n<meta name=\"twitter:label1\" content=\"Dur\u00e9e de lecture estim\u00e9e\" \/>\n\t<meta name=\"twitter:data1\" content=\"1 minute\" \/>\n<script type=\"application\/ld+json\" class=\"yoast-schema-graph\">{\"@context\":\"https:\\\/\\\/schema.org\",\"@graph\":[{\"@type\":\"WebPage\",\"@id\":\"https:\\\/\\\/transcaer.canadianchemistry.ca\\\/fr\\\/contact\\\/\",\"url\":\"https:\\\/\\\/transcaer.canadianchemistry.ca\\\/fr\\\/contact\\\/\",\"name\":\"Pour Nous Joindre - TRANSCAER\",\"isPartOf\":{\"@id\":\"https:\\\/\\\/transcaer.canadianchemistry.ca\\\/fr\\\/#website\"},\"datePublished\":\"2023-11-23T21:37:05+00:00\",\"dateModified\":\"2026-02-04T20:13:08+00:00\",\"breadcrumb\":{\"@id\":\"https:\\\/\\\/transcaer.canadianchemistry.ca\\\/fr\\\/contact\\\/#breadcrumb\"},\"inLanguage\":\"fr-FR\",\"potentialAction\":[{\"@type\":\"ReadAction\",\"target\":[\"https:\\\/\\\/transcaer.canadianchemistry.ca\\\/fr\\\/contact\\\/\"]}]},{\"@type\":\"BreadcrumbList\",\"@id\":\"https:\\\/\\\/transcaer.canadianchemistry.ca\\\/fr\\\/contact\\\/#breadcrumb\",\"itemListElement\":[{\"@type\":\"ListItem\",\"position\":1,\"name\":\"Home\",\"item\":\"https:\\\/\\\/transcaer.canadianchemistry.ca\\\/fr\\\/home-page\\\/\"},{\"@type\":\"ListItem\",\"position\":2,\"name\":\"Pour Nous Joindre\"}]},{\"@type\":\"WebSite\",\"@id\":\"https:\\\/\\\/transcaer.canadianchemistry.ca\\\/fr\\\/#website\",\"url\":\"https:\\\/\\\/transcaer.canadianchemistry.ca\\\/fr\\\/\",\"name\":\"TRANSCAER\",\"description\":\"\",\"potentialAction\":[{\"@type\":\"SearchAction\",\"target\":{\"@type\":\"EntryPoint\",\"urlTemplate\":\"https:\\\/\\\/transcaer.canadianchemistry.ca\\\/fr\\\/?s={search_term_string}\"},\"query-input\":{\"@type\":\"PropertyValueSpecification\",\"valueRequired\":true,\"valueName\":\"search_term_string\"}}],\"inLanguage\":\"fr-FR\"}]}<\/script>\n<!-- \/ Yoast SEO plugin. -->","yoast_head_json":{"title":"Pour Nous Joindre - TRANSCAER","robots":{"index":"index","follow":"follow","max-snippet":"max-snippet:-1","max-image-preview":"max-image-preview:large","max-video-preview":"max-video-preview:-1"},"canonical":"https:\/\/transcaer.canadianchemistry.ca\/fr\/contact\/","og_locale":"fr_FR","og_type":"article","og_title":"Pour Nous Joindre - TRANSCAER","og_description":"DEMANDES G\u00c9N\u00c9RALES: Kristina AdlerCoordonnatrice du Comit\u00e9 national du TRANSCAER\u00aeAgent des politiques et des programmes de transportsAssociation canadienne de l\u2019industrie de la chimieT\u00e9l.: 514-712-8727kadler@canadianchemistry.ca DEMANDES DES M\u00c9DIAS Devon BabinDirectrice, CommunicationsAssociation canadienne de l\u2019industrie de la chimieTel: 613-620-3386dbabin@canadianchemistry.ca","og_url":"https:\/\/transcaer.canadianchemistry.ca\/fr\/contact\/","og_site_name":"TRANSCAER","article_modified_time":"2026-02-04T20:13:08+00:00","twitter_card":"summary_large_image","twitter_misc":{"Dur\u00e9e de lecture estim\u00e9e":"1 minute"},"schema":{"@context":"https:\/\/schema.org","@graph":[{"@type":"WebPage","@id":"https:\/\/transcaer.canadianchemistry.ca\/fr\/contact\/","url":"https:\/\/transcaer.canadianchemistry.ca\/fr\/contact\/","name":"Pour Nous Joindre - TRANSCAER","isPartOf":{"@id":"https:\/\/transcaer.canadianchemistry.ca\/fr\/#website"},"datePublished":"2023-11-23T21:37:05+00:00","dateModified":"2026-02-04T20:13:08+00:00","breadcrumb":{"@id":"https:\/\/transcaer.canadianchemistry.ca\/fr\/contact\/#breadcrumb"},"inLanguage":"fr-FR","potentialAction":[{"@type":"ReadAction","target":["https:\/\/transcaer.canadianchemistry.ca\/fr\/contact\/"]}]},{"@type":"BreadcrumbList","@id":"https:\/\/transcaer.canadianchemistry.ca\/fr\/contact\/#breadcrumb","itemListElement":[{"@type":"ListItem","position":1,"name":"Home","item":"https:\/\/transcaer.canadianchemistry.ca\/fr\/home-page\/"},{"@type":"ListItem","position":2,"name":"Pour Nous Joindre"}]},{"@type":"WebSite","@id":"https:\/\/transcaer.canadianchemistry.ca\/fr\/#website","url":"https:\/\/transcaer.canadianchemistry.ca\/fr\/","name":"TRANSCAER","description":"","potentialAction":[{"@type":"SearchAction","target":{"@type":"EntryPoint","urlTemplate":"https:\/\/transcaer.canadianchemistry.ca\/fr\/?s={search_term_string}"},"query-input":{"@type":"PropertyValueSpecification","valueRequired":true,"valueName":"search_term_string"}}],"inLanguage":"fr-FR"}]}},"_links":{"self":[{"href":"https:\/\/transcaer.canadianchemistry.ca\/fr\/wp-json\/wp\/v2\/pages\/1051","targetHints":{"allow":["GET"]}}],"collection":[{"href":"https:\/\/transcaer.canadianchemistry.ca\/fr\/wp-json\/wp\/v2\/pages"}],"about":[{"href":"https:\/\/transcaer.canadianchemistry.ca\/fr\/wp-json\/wp\/v2\/types\/page"}],"author":[{"embeddable":true,"href":"https:\/\/transcaer.canadianchemistry.ca\/fr\/wp-json\/wp\/v2\/users\/4"}],"replies":[{"embeddable":true,"href":"https:\/\/transcaer.canadianchemistry.ca\/fr\/wp-json\/wp\/v2\/comments?post=1051"}],"version-history":[{"count":6,"href":"https:\/\/transcaer.canadianchemistry.ca\/fr\/wp-json\/wp\/v2\/pages\/1051\/revisions"}],"predecessor-version":[{"id":1870,"href":"https:\/\/transcaer.canadianchemistry.ca\/fr\/wp-json\/wp\/v2\/pages\/1051\/revisions\/1870"}],"wp:attachment":[{"href":"https:\/\/transcaer.canadianchemistry.ca\/fr\/wp-json\/wp\/v2\/media?parent=1051"}],"curies":[{"name":"wp","href":"https:\/\/api.w.org\/{rel}","templated":true}]}}