{"id":1049,"date":"2023-11-23T16:35:23","date_gmt":"2023-11-23T21:35:23","guid":{"rendered":"https:\/\/transcaer.canadianchemistry.ca\/ccpx-911-virtual-reality-tour\/"},"modified":"2026-01-23T12:52:51","modified_gmt":"2026-01-23T17:52:51","slug":"ccpx-911-virtual-reality-tour","status":"publish","type":"page","link":"https:\/\/transcaer.canadianchemistry.ca\/fr\/ccpx-911-virtual-reality-tour\/","title":{"rendered":"R\u00e9alit\u00e9 virtuelle du Wagon-\u00c9cole"},"content":{"rendered":"\n<p>En collaboration avec Transports Canada dans le cadre du Programme d\u2019am\u00e9lioration de la s\u00e9curit\u00e9 ferroviaire, les responsables de l\u2019initiative TRANSCAER sont heureux d\u2019offrir la visite virtuelle en ligne du wagon-citerne d\u00e9saffect\u00e9 CCPX 911, \u00e9galement connu sous le nom de <a href=\"https:\/\/transcaer.canadianchemistry.ca\/fr\/transcaer-safety-train\/\">Wagon-\u00c9cole<\/a>.<\/p>\n\n\n\n<p>Cette visite en r\u00e9alit\u00e9 virtuelle de TRANSCAER permet aux premiers intervenants d\u2019accro\u00eetre la sensibilisation \u00e0 la s\u00e9curit\u00e9 ferroviaire et au transport des marchandises dangereuses, et de mieux faire conna\u00eetre le mat\u00e9riel ferroviaire. Ce programme souple offre la possibilit\u00e9 d\u2019en apprendre davantage sur la s\u00e9curit\u00e9 ferroviaire de fa\u00e7on virtuelle.<\/p>\n\n\n\n<p><strong>Veuillez noter que le chargement de l&rsquo;outil VR peut prendre quelques instants.<\/strong><\/p>\n\n\n\n<iframe src=\"https:\/\/app.vrsafety.net\/link?linkId=27bbbbda-50b3-4c54-b07c-7ac2a7fdc85c\" style=\"width: 100%; height: 700px; border: none;\">\n\t<\/iframe>\n\n\n\n<div class=\"wp-block-columns instructions-columns is-layout-flex wp-container-core-columns-is-layout-9d6595d7 wp-block-columns-is-layout-flex\">\n<div class=\"wp-block-column is-layout-flow wp-block-column-is-layout-flow\">\n<figure class=\"wp-block-image size-full\"><img loading=\"lazy\" decoding=\"async\" width=\"84\" height=\"69\" src=\"http:\/\/transcaer.canadianchemistry.ca\/wp-content\/uploads\/sites\/2\/2023\/12\/lang.jpg\" alt=\"\" class=\"wp-image-382\"\/><\/figure>\n\n\n\n<p>Cliquez sur cette ic\u00f4ne pour s\u00e9lectionner la langue de votre choix.<\/p>\n<\/div>\n\n\n\n<div class=\"wp-block-column is-layout-flow wp-block-column-is-layout-flow\">\n<figure class=\"wp-block-image size-full\"><img loading=\"lazy\" decoding=\"async\" width=\"86\" height=\"78\" src=\"http:\/\/transcaer.canadianchemistry.ca\/wp-content\/uploads\/sites\/2\/2023\/12\/hotspot.jpg\" alt=\"\" class=\"wp-image-380\"\/><\/figure>\n\n\n\n<p>Cette ic\u00f4ne indique que vous pouvez acc\u00e9der \u00e0 une image et \u00e0 un texte informatif.<\/p>\n<\/div>\n<\/div>\n\n\n\n<div class=\"wp-block-columns instructions-columns is-layout-flex wp-container-core-columns-is-layout-9d6595d7 wp-block-columns-is-layout-flex\">\n<div class=\"wp-block-column is-layout-flow wp-block-column-is-layout-flow\">\n<figure class=\"wp-block-image size-full\"><img loading=\"lazy\" decoding=\"async\" width=\"84\" height=\"73\" src=\"http:\/\/transcaer.canadianchemistry.ca\/wp-content\/uploads\/sites\/2\/2023\/12\/advance.jpg\" alt=\"\" class=\"wp-image-384\"\/><\/figure>\n\n\n\n<p>Utilisez cette ic\u00f4ne pour faire progresser la visite.<\/p>\n<\/div>\n\n\n\n<div class=\"wp-block-column is-layout-flow wp-block-column-is-layout-flow\">\n<figure class=\"wp-block-image size-full\"><img loading=\"lazy\" decoding=\"async\" width=\"89\" height=\"64\" src=\"http:\/\/transcaer.canadianchemistry.ca\/wp-content\/uploads\/sites\/2\/2023\/12\/hotspot_vid.jpg\" alt=\"\" class=\"wp-image-386\"\/><\/figure>\n\n\n\n<p>Cette ic\u00f4ne indique que vous pouvez acc\u00e9der \u00e0 une vid\u00e9o.<\/p>\n<\/div>\n<\/div>\n\n\n\n<div class=\"wp-block-columns instructions-columns is-layout-flex wp-container-core-columns-is-layout-9d6595d7 wp-block-columns-is-layout-flex\">\n<div class=\"wp-block-column is-layout-flow wp-block-column-is-layout-flow\">\n<figure class=\"wp-block-image size-full is-resized\"><img loading=\"lazy\" decoding=\"async\" width=\"420\" height=\"420\" src=\"http:\/\/transcaer.canadianchemistry.ca\/wp-content\/uploads\/sites\/2\/2023\/12\/Favicon_BSD_420.jpg\" alt=\"\" class=\"wp-image-506\" style=\"width:50px\" srcset=\"https:\/\/chimiecanadienne.ca\/wp-content\/uploads\/sites\/2\/2023\/12\/Favicon_BSD_420.jpg 420w, https:\/\/chimiecanadienne.ca\/wp-content\/uploads\/sites\/2\/2023\/12\/Favicon_BSD_420-300x300.jpg 300w, https:\/\/chimiecanadienne.ca\/wp-content\/uploads\/sites\/2\/2023\/12\/Favicon_BSD_420-150x150.jpg 150w\" sizes=\"auto, (max-width: 420px) 100vw, 420px\" \/><\/figure>\n\n\n\n<p><small><em><em>Conception<\/em> :<br><a href=\"https:\/\/bitspacedevelopment.com\/\" target=\"_blank\" rel=\"noreferrer noopener\">Bit Space Development Ltd.<\/a><\/em><\/small><\/p>\n<\/div>\n<\/div>\n","protected":false},"excerpt":{"rendered":"<p>En collaboration avec Transports Canada dans le cadre du Programme d\u2019am\u00e9lioration de la s\u00e9curit\u00e9 ferroviaire, les responsables de l\u2019initiative TRANSCAER sont heureux d\u2019offrir la visite virtuelle en ligne du wagon-citerne d\u00e9saffect\u00e9 CCPX 911, \u00e9galement connu sous le nom de Wagon-\u00c9cole. Cette visite en r\u00e9alit\u00e9 virtuelle de TRANSCAER permet aux premiers intervenants d\u2019accro\u00eetre la sensibilisation \u00e0 [&hellip;]<\/p>\n","protected":false},"author":4,"featured_media":0,"parent":0,"menu_order":31,"comment_status":"closed","ping_status":"closed","template":"template-page_title.php","meta":{"_acf_changed":false,"footnotes":""},"class_list":["post-1049","page","type-page","status-publish","hentry"],"acf":[],"yoast_head":"<!-- This site is optimized with the Yoast SEO plugin v27.4 - https:\/\/yoast.com\/product\/yoast-seo-wordpress\/ -->\n<title>R\u00e9alit\u00e9 virtuelle du Wagon-\u00c9cole - TRANSCAER<\/title>\n<meta name=\"robots\" content=\"index, follow, max-snippet:-1, max-image-preview:large, max-video-preview:-1\" \/>\n<link rel=\"canonical\" href=\"https:\/\/transcaer.canadianchemistry.ca\/fr\/ccpx-911-virtual-reality-tour\/\" \/>\n<meta property=\"og:locale\" content=\"fr_FR\" \/>\n<meta property=\"og:type\" content=\"article\" \/>\n<meta property=\"og:title\" content=\"R\u00e9alit\u00e9 virtuelle du Wagon-\u00c9cole - TRANSCAER\" \/>\n<meta property=\"og:description\" content=\"En collaboration avec Transports Canada dans le cadre du Programme d\u2019am\u00e9lioration de la s\u00e9curit\u00e9 ferroviaire, les responsables de l\u2019initiative TRANSCAER sont heureux d\u2019offrir la visite virtuelle en ligne du wagon-citerne d\u00e9saffect\u00e9 CCPX 911, \u00e9galement connu sous le nom de Wagon-\u00c9cole. Cette visite en r\u00e9alit\u00e9 virtuelle de TRANSCAER permet aux premiers intervenants d\u2019accro\u00eetre la sensibilisation \u00e0 [&hellip;]\" \/>\n<meta property=\"og:url\" content=\"https:\/\/transcaer.canadianchemistry.ca\/fr\/ccpx-911-virtual-reality-tour\/\" \/>\n<meta property=\"og:site_name\" content=\"TRANSCAER\" \/>\n<meta property=\"article:modified_time\" content=\"2026-01-23T17:52:51+00:00\" \/>\n<meta property=\"og:image\" content=\"https:\/\/chimiecanadienne.ca\/wp-content\/uploads\/sites\/2\/2023\/12\/lang.jpg\" \/>\n\t<meta property=\"og:image:width\" content=\"84\" \/>\n\t<meta property=\"og:image:height\" content=\"69\" \/>\n\t<meta property=\"og:image:type\" content=\"image\/jpeg\" \/>\n<meta name=\"twitter:card\" content=\"summary_large_image\" \/>\n<meta name=\"twitter:label1\" content=\"Dur\u00e9e de lecture estim\u00e9e\" \/>\n\t<meta name=\"twitter:data1\" content=\"2 minutes\" \/>\n<script type=\"application\/ld+json\" class=\"yoast-schema-graph\">{\"@context\":\"https:\\\/\\\/schema.org\",\"@graph\":[{\"@type\":\"WebPage\",\"@id\":\"https:\\\/\\\/transcaer.canadianchemistry.ca\\\/fr\\\/ccpx-911-virtual-reality-tour\\\/\",\"url\":\"https:\\\/\\\/transcaer.canadianchemistry.ca\\\/fr\\\/ccpx-911-virtual-reality-tour\\\/\",\"name\":\"R\u00e9alit\u00e9 virtuelle du Wagon-\u00c9cole - TRANSCAER\",\"isPartOf\":{\"@id\":\"https:\\\/\\\/transcaer.canadianchemistry.ca\\\/fr\\\/#website\"},\"primaryImageOfPage\":{\"@id\":\"https:\\\/\\\/transcaer.canadianchemistry.ca\\\/fr\\\/ccpx-911-virtual-reality-tour\\\/#primaryimage\"},\"image\":{\"@id\":\"https:\\\/\\\/transcaer.canadianchemistry.ca\\\/fr\\\/ccpx-911-virtual-reality-tour\\\/#primaryimage\"},\"thumbnailUrl\":\"http:\\\/\\\/transcaer.canadianchemistry.ca\\\/wp-content\\\/uploads\\\/sites\\\/2\\\/2023\\\/12\\\/lang.jpg\",\"datePublished\":\"2023-11-23T21:35:23+00:00\",\"dateModified\":\"2026-01-23T17:52:51+00:00\",\"breadcrumb\":{\"@id\":\"https:\\\/\\\/transcaer.canadianchemistry.ca\\\/fr\\\/ccpx-911-virtual-reality-tour\\\/#breadcrumb\"},\"inLanguage\":\"fr-FR\",\"potentialAction\":[{\"@type\":\"ReadAction\",\"target\":[\"https:\\\/\\\/transcaer.canadianchemistry.ca\\\/fr\\\/ccpx-911-virtual-reality-tour\\\/\"]}]},{\"@type\":\"ImageObject\",\"inLanguage\":\"fr-FR\",\"@id\":\"https:\\\/\\\/transcaer.canadianchemistry.ca\\\/fr\\\/ccpx-911-virtual-reality-tour\\\/#primaryimage\",\"url\":\"http:\\\/\\\/transcaer.canadianchemistry.ca\\\/wp-content\\\/uploads\\\/sites\\\/2\\\/2023\\\/12\\\/lang.jpg\",\"contentUrl\":\"http:\\\/\\\/transcaer.canadianchemistry.ca\\\/wp-content\\\/uploads\\\/sites\\\/2\\\/2023\\\/12\\\/lang.jpg\"},{\"@type\":\"BreadcrumbList\",\"@id\":\"https:\\\/\\\/transcaer.canadianchemistry.ca\\\/fr\\\/ccpx-911-virtual-reality-tour\\\/#breadcrumb\",\"itemListElement\":[{\"@type\":\"ListItem\",\"position\":1,\"name\":\"Home\",\"item\":\"https:\\\/\\\/transcaer.canadianchemistry.ca\\\/fr\\\/home-page\\\/\"},{\"@type\":\"ListItem\",\"position\":2,\"name\":\"R\u00e9alit\u00e9 virtuelle du Wagon-\u00c9cole\"}]},{\"@type\":\"WebSite\",\"@id\":\"https:\\\/\\\/transcaer.canadianchemistry.ca\\\/fr\\\/#website\",\"url\":\"https:\\\/\\\/transcaer.canadianchemistry.ca\\\/fr\\\/\",\"name\":\"TRANSCAER\",\"description\":\"\",\"potentialAction\":[{\"@type\":\"SearchAction\",\"target\":{\"@type\":\"EntryPoint\",\"urlTemplate\":\"https:\\\/\\\/transcaer.canadianchemistry.ca\\\/fr\\\/?s={search_term_string}\"},\"query-input\":{\"@type\":\"PropertyValueSpecification\",\"valueRequired\":true,\"valueName\":\"search_term_string\"}}],\"inLanguage\":\"fr-FR\"}]}<\/script>\n<!-- \/ Yoast SEO plugin. -->","yoast_head_json":{"title":"R\u00e9alit\u00e9 virtuelle du Wagon-\u00c9cole - TRANSCAER","robots":{"index":"index","follow":"follow","max-snippet":"max-snippet:-1","max-image-preview":"max-image-preview:large","max-video-preview":"max-video-preview:-1"},"canonical":"https:\/\/transcaer.canadianchemistry.ca\/fr\/ccpx-911-virtual-reality-tour\/","og_locale":"fr_FR","og_type":"article","og_title":"R\u00e9alit\u00e9 virtuelle du Wagon-\u00c9cole - TRANSCAER","og_description":"En collaboration avec Transports Canada dans le cadre du Programme d\u2019am\u00e9lioration de la s\u00e9curit\u00e9 ferroviaire, les responsables de l\u2019initiative TRANSCAER sont heureux d\u2019offrir la visite virtuelle en ligne du wagon-citerne d\u00e9saffect\u00e9 CCPX 911, \u00e9galement connu sous le nom de Wagon-\u00c9cole. Cette visite en r\u00e9alit\u00e9 virtuelle de TRANSCAER permet aux premiers intervenants d\u2019accro\u00eetre la sensibilisation \u00e0 [&hellip;]","og_url":"https:\/\/transcaer.canadianchemistry.ca\/fr\/ccpx-911-virtual-reality-tour\/","og_site_name":"TRANSCAER","article_modified_time":"2026-01-23T17:52:51+00:00","og_image":[{"width":84,"height":69,"url":"https:\/\/chimiecanadienne.ca\/wp-content\/uploads\/sites\/2\/2023\/12\/lang.jpg","type":"image\/jpeg"}],"twitter_card":"summary_large_image","twitter_misc":{"Dur\u00e9e de lecture estim\u00e9e":"2 minutes"},"schema":{"@context":"https:\/\/schema.org","@graph":[{"@type":"WebPage","@id":"https:\/\/transcaer.canadianchemistry.ca\/fr\/ccpx-911-virtual-reality-tour\/","url":"https:\/\/transcaer.canadianchemistry.ca\/fr\/ccpx-911-virtual-reality-tour\/","name":"R\u00e9alit\u00e9 virtuelle du Wagon-\u00c9cole - TRANSCAER","isPartOf":{"@id":"https:\/\/transcaer.canadianchemistry.ca\/fr\/#website"},"primaryImageOfPage":{"@id":"https:\/\/transcaer.canadianchemistry.ca\/fr\/ccpx-911-virtual-reality-tour\/#primaryimage"},"image":{"@id":"https:\/\/transcaer.canadianchemistry.ca\/fr\/ccpx-911-virtual-reality-tour\/#primaryimage"},"thumbnailUrl":"http:\/\/transcaer.canadianchemistry.ca\/wp-content\/uploads\/sites\/2\/2023\/12\/lang.jpg","datePublished":"2023-11-23T21:35:23+00:00","dateModified":"2026-01-23T17:52:51+00:00","breadcrumb":{"@id":"https:\/\/transcaer.canadianchemistry.ca\/fr\/ccpx-911-virtual-reality-tour\/#breadcrumb"},"inLanguage":"fr-FR","potentialAction":[{"@type":"ReadAction","target":["https:\/\/transcaer.canadianchemistry.ca\/fr\/ccpx-911-virtual-reality-tour\/"]}]},{"@type":"ImageObject","inLanguage":"fr-FR","@id":"https:\/\/transcaer.canadianchemistry.ca\/fr\/ccpx-911-virtual-reality-tour\/#primaryimage","url":"http:\/\/transcaer.canadianchemistry.ca\/wp-content\/uploads\/sites\/2\/2023\/12\/lang.jpg","contentUrl":"http:\/\/transcaer.canadianchemistry.ca\/wp-content\/uploads\/sites\/2\/2023\/12\/lang.jpg"},{"@type":"BreadcrumbList","@id":"https:\/\/transcaer.canadianchemistry.ca\/fr\/ccpx-911-virtual-reality-tour\/#breadcrumb","itemListElement":[{"@type":"ListItem","position":1,"name":"Home","item":"https:\/\/transcaer.canadianchemistry.ca\/fr\/home-page\/"},{"@type":"ListItem","position":2,"name":"R\u00e9alit\u00e9 virtuelle du Wagon-\u00c9cole"}]},{"@type":"WebSite","@id":"https:\/\/transcaer.canadianchemistry.ca\/fr\/#website","url":"https:\/\/transcaer.canadianchemistry.ca\/fr\/","name":"TRANSCAER","description":"","potentialAction":[{"@type":"SearchAction","target":{"@type":"EntryPoint","urlTemplate":"https:\/\/transcaer.canadianchemistry.ca\/fr\/?s={search_term_string}"},"query-input":{"@type":"PropertyValueSpecification","valueRequired":true,"valueName":"search_term_string"}}],"inLanguage":"fr-FR"}]}},"_links":{"self":[{"href":"https:\/\/transcaer.canadianchemistry.ca\/fr\/wp-json\/wp\/v2\/pages\/1049","targetHints":{"allow":["GET"]}}],"collection":[{"href":"https:\/\/transcaer.canadianchemistry.ca\/fr\/wp-json\/wp\/v2\/pages"}],"about":[{"href":"https:\/\/transcaer.canadianchemistry.ca\/fr\/wp-json\/wp\/v2\/types\/page"}],"author":[{"embeddable":true,"href":"https:\/\/transcaer.canadianchemistry.ca\/fr\/wp-json\/wp\/v2\/users\/4"}],"replies":[{"embeddable":true,"href":"https:\/\/transcaer.canadianchemistry.ca\/fr\/wp-json\/wp\/v2\/comments?post=1049"}],"version-history":[{"count":4,"href":"https:\/\/transcaer.canadianchemistry.ca\/fr\/wp-json\/wp\/v2\/pages\/1049\/revisions"}],"predecessor-version":[{"id":1598,"href":"https:\/\/transcaer.canadianchemistry.ca\/fr\/wp-json\/wp\/v2\/pages\/1049\/revisions\/1598"}],"wp:attachment":[{"href":"https:\/\/transcaer.canadianchemistry.ca\/fr\/wp-json\/wp\/v2\/media?parent=1049"}],"curies":[{"name":"wp","href":"https:\/\/api.w.org\/{rel}","templated":true}]}}