{"id":1045,"date":"2023-12-08T17:02:15","date_gmt":"2023-12-08T22:02:15","guid":{"rendered":"https:\/\/transcaer.canadianchemistry.ca\/award-protocols\/"},"modified":"2026-02-04T15:13:07","modified_gmt":"2026-02-04T20:13:07","slug":"award-protocols","status":"publish","type":"page","link":"https:\/\/transcaer.canadianchemistry.ca\/fr\/award-protocols\/","title":{"rendered":"PROTOCOLE DE REMISE DES PRIX"},"content":{"rendered":"\n<p>A. <strong>Objet<\/strong><\/p>\n\n\n\n<ol class=\"wp-block-list\">\n<li>Le programme de prix du TRANSCAER<sup><strong>\u00ae<\/strong>&nbsp;<\/sup>vise \u00e0&nbsp;:\n<ul class=\"wp-block-list\">\n<li>Reconna\u00eetre les r\u00e9alisations de particuliers, d\u2019entreprises et d\u2019organisations qui ont \u00e9t\u00e9 au-del\u00e0 du simple \u00ab\u00a0appel du devoir\u00a0\u00bb afin de promouvoir, de d\u00e9montrer et d\u2019appliquer les principes du TRANSCAER;<\/li>\n\n\n\n<li>Am\u00e9liorer la reconnaissance publique du TRANSCAER; et<\/li>\n\n\n\n<li>Augmenter la participation \u00e0 l\u2019initiative.<\/li>\n<\/ul>\n<\/li>\n<\/ol>\n\n\n\n<p>B. <strong><strong>Prix offerts<\/strong><\/strong><\/p>\n\n\n\n<ol class=\"wp-block-list\">\n<li>Il y a divers prix TRANSCAER, dont\u00a0:\n<ul class=\"wp-block-list\">\n<li>Prix du service distingu\u00e9<\/li>\n\n\n\n<li>Prix de la r\u00e9alisation nationale<\/li>\n\n\n\n<li>Prix de la r\u00e9alisation r\u00e9gionale<\/li>\n<\/ul>\n<\/li>\n<\/ol>\n\n\n\n<p>C. <strong><strong>Crit\u00e8res de remise des prix et administration<\/strong><\/strong><\/p>\n\n\n\n<p class=\"has-text-align-center\"><strong><u>1.&nbsp;<\/u><em>PRIX DU SERVICE DISTINGU\u00c9<\/em><\/strong><\/p>\n\n\n\n<p>Crit\u00e8res&nbsp;:<\/p>\n\n\n\n<ol class=\"wp-block-list\" style=\"list-style-type:lower-alpha\">\n<li>D\u00e9vouement soutenu et \u00e0 long terme envers le programme TRANSCAER\u00a0; ces efforts pourraient entra\u00eener une croissance, une reconnaissance ou une am\u00e9lioration exceptionnelles du programme.<\/li>\n\n\n\n<li>\u00c0 elle seule, la performance exceptionnelle des activit\u00e9s habituelles du TRANSCAER ne justifie\u00a0<em>pas\u00a0<\/em>la remise de ce prix.<\/li>\n\n\n\n<li>Le prix peut \u00eatre remis \u00e0 un particulier, une \u00e9quipe ou une entreprise.<\/li>\n\n\n\n<li>Il n\u2019y a pas de limite \u00e9tablie au nombre de prix pouvant \u00eatre remis chaque ann\u00e9e, et il n\u2019y a aucune garantie que le prix sera remis tous les ans.<\/li>\n<\/ol>\n\n\n\n<p>Processus de mise en candidature et de s\u00e9lection&nbsp;:<\/p>\n\n\n\n<ol class=\"wp-block-list\" style=\"list-style-type:lower-alpha\">\n<li>Toute l\u2019ann\u00e9e, les intervenants du TRANSCAER sont invit\u00e9s \u00e0 soumettre la candidature d\u2019un particulier, d\u2019une \u00e9quipe ou d\u2019une entreprise pour le Prix du service distingu\u00e9. \u00a0Les auto-candidatures ne sont pas accept\u00e9es et les employ\u00e9s ne peuvent pas soumettre la candidature de leur entreprise.\u00a0 Cependant, un employ\u00e9 peut faire partie d\u2019un groupe de deux personnes ou plus pr\u00e9parant une mise en candidature pour ce prix.<\/li>\n\n\n\n<li>Le pr\u00e9sident, le copr\u00e9sident et le coordonnateur du Comit\u00e9 national du TRANSCAER doivent accepter \u00e0 l\u2019unanimit\u00e9 de proposer que le Prix du service distingu\u00e9 soit remis \u00e0 un ou plusieurs particuliers, \u00e9quipes ou entreprises.<\/li>\n\n\n\n<li>Aucune personne consid\u00e9r\u00e9e pour un prix ne peut participer aux discussions connexes pendant le processus de s\u00e9lection.&nbsp; Aucun repr\u00e9sentant d\u2019une entreprise ne peut assister \u00e0 une rencontre \u00e0 laquelle son entreprise est consid\u00e9r\u00e9e pour un prix, et aucune association repr\u00e9sentant une association consid\u00e9r\u00e9e pour un prix ne peut assister \u00e0 la rencontre.<\/li>\n\n\n\n<li>Le pr\u00e9sident, le copr\u00e9sident et le coordonnateur pr\u00e9parent un document \u00e9crit expliquant la ou les mises en candidature.<\/li>\n\n\n\n<li>Le document est remis au Comit\u00e9 national du TRANSCAER.<\/li>\n\n\n\n<li>\u00c0 moins que 25\u00a0% des membres du comit\u00e9 pr\u00e9sentent une opinion dissidente \u00e9crite au coordonnateur du Comit\u00e9 national du TRANSCAER dans les 14 jours, le prix est remis au(x) candidat(s).<\/li>\n<\/ol>\n\n\n\n<p>Remise du prix :<\/p>\n\n\n\n<ol class=\"wp-block-list\" style=\"list-style-type:lower-alpha\">\n<li>La remise du prix a lieu \u00e0 un \u00e9v\u00e9nement mutuellement convenu, o\u00f9 le ou les candidats peuvent \u00eatre reconnus devant leurs pairs, par exemple le D\u00eener annuel de remise des prix de l\u2019ACIC, la Conf\u00e9rence sur la Gestion responsable de l\u2019ACIC, les groupes de leadership, etc.<\/li>\n<\/ol>\n\n\n\n<p class=\"has-text-align-center\"><strong>2.<em>PRIX DE LA R\u00c9ALISATION NATIONALE<\/em><\/strong><\/p>\n\n\n\n<p>Crit\u00e8res :<\/p>\n\n\n\n<ol class=\"wp-block-list\" style=\"list-style-type:lower-alpha\">\n<li>Le r\u00e9cipiendaire doit r\u00e9pondre \u00e0 un ou plusieurs des crit\u00e8res d\u2019admissibilit\u00e9 suivants\u00a0: (i) communication exceptionnelle des outils et de la formation du TRANSCAER \u00e0 des publics dans des r\u00e9gions multiples, (ii) recrutement de nouveaux membres\/participants du TRANSCAER dans des r\u00e9gions multiples, (iii) actions entra\u00eenant une couverture m\u00e9diatique positive dans des r\u00e9gions multiples.<\/li>\n\n\n\n<li>Les activit\u00e9s doivent \u00eatre pr\u00e9sent\u00e9es comme \u00e9tant des activit\u00e9s du TRANSCAER.<\/li>\n\n\n\n<li>Le prix peut \u00eatre remis \u00e0 un particulier, une \u00e9quipe ou une entreprise.<\/li>\n\n\n\n<li>Il n\u2019y a pas de limite au nombre de prix pouvant \u00eatre remis chaque ann\u00e9e.<\/li>\n<\/ol>\n\n\n\n<p>Processus :<\/p>\n\n\n\n<ol class=\"wp-block-list\" style=\"list-style-type:lower-alpha\">\n<li>Toute l\u2019ann\u00e9e, les intervenants du TRANSCAER sont invit\u00e9s \u00e0 soumettre la candidature d\u2019un particulier, d\u2019une \u00e9quipe ou d\u2019une entreprise pour le Prix de la r\u00e9alisation nationale.<\/li>\n\n\n\n<li>Le pr\u00e9sident, le copr\u00e9sident et le coordonnateur du Comit\u00e9 national du TRANSCAER proposent que le Prix de la r\u00e9alisation nationale soit remis \u00e0 un ou plusieurs particuliers, \u00e9quipes ou entreprises.<\/li>\n\n\n\n<li>Aucune personne consid\u00e9r\u00e9e pour un prix ne peut participer aux discussions connexes pendant le processus de s\u00e9lection.&nbsp; Aucun repr\u00e9sentant d\u2019une entreprise ne peut assister \u00e0 une rencontre \u00e0 laquelle son entreprise est consid\u00e9r\u00e9e pour un prix, et aucune association repr\u00e9sentant une association consid\u00e9r\u00e9e pour un prix ne peut assister \u00e0 la rencontre.<\/li>\n\n\n\n<li>Le pr\u00e9sident, le copr\u00e9sident et le coordonnateur pr\u00e9parent un document \u00e9crit expliquant la ou les mises en candidature.<\/li>\n\n\n\n<li>Le document est remis \u00e0 chacun des pr\u00e9sidents des Comit\u00e9s r\u00e9gionaux, et au Comit\u00e9 national du TRANSCAER.<\/li>\n\n\n\n<li>Si le pr\u00e9sident et le copr\u00e9sident du Comit\u00e9 national, ainsi que trois pr\u00e9sidents r\u00e9gionaux, acceptent une candidature, le prix est remis.<\/li>\n<\/ol>\n\n\n\n<p>Remise du prix :<\/p>\n\n\n\n<ol class=\"wp-block-list\" style=\"list-style-type:lower-alpha\">\n<li>La remise du prix a lieu \u00e0 un \u00e9v\u00e9nement mutuellement convenu, o\u00f9 le ou les candidats peuvent \u00eatre reconnus devant leurs pairs, par exemple le D\u00eener annuel de remise des prix de l\u2019ACIC, la Conf\u00e9rence sur la Gestion responsable de l\u2019ACIC, les groupes de leadership, etc.<\/li>\n<\/ol>\n\n\n\n<p class=\"has-text-align-center\"><strong><em>3. PRIX DE LA R\u00c9ALISATION R\u00c9GIONALE<\/em><\/strong><\/p>\n\n\n\n<p>Crit\u00e8res :<\/p>\n\n\n\n<ol class=\"wp-block-list\" style=\"list-style-type:lower-alpha\">\n<li>Le r\u00e9cipiendaire doit r\u00e9pondre \u00e0 un ou plusieurs des crit\u00e8res d\u2019admissibilit\u00e9 suivants\u00a0: (i) communication exceptionnelle des outils et de la formation du TRANSCAER \u00e0 des publics nouveaux, (ii) recrutement de nouveaux membres\/participants du TRANSCAER, (iii) actions entra\u00eenant une couverture m\u00e9diatique positive.<\/li>\n\n\n\n<li>Les activit\u00e9s doivent \u00eatre pr\u00e9sent\u00e9es comme \u00e9tant des activit\u00e9s du TRANSCAER.<\/li>\n\n\n\n<li>Le prix peut \u00eatre remis \u00e0 un particulier, une \u00e9quipe ou une entreprise.<\/li>\n\n\n\n<li>Il n\u2019y a pas de limite au nombre de prix pouvant \u00eatre remis chaque ann\u00e9e.<\/li>\n<\/ol>\n\n\n\n<p>Processus :<\/p>\n\n\n\n<ol class=\"wp-block-list\" style=\"list-style-type:lower-alpha\">\n<li>Toute l\u2019ann\u00e9e, des intervenants pr\u00e9cis du TRANSCAER sont invit\u00e9s \u00e0 soumettre la candidature d\u2019un particulier, d\u2019une \u00e9quipe ou d\u2019une entreprise pour le Prix de la r\u00e9alisation r\u00e9gionale.<\/li>\n\n\n\n<li>Aucune personne consid\u00e9r\u00e9e pour un prix ne peut participer aux discussions connexes pendant le processus de s\u00e9lection.&nbsp; Aucun repr\u00e9sentant d\u2019une entreprise ne peut assister \u00e0 une rencontre \u00e0 laquelle son entreprise est consid\u00e9r\u00e9e pour un prix, et aucune association repr\u00e9sentant une association consid\u00e9r\u00e9e pour un prix ne peut assister \u00e0 la rencontre.<\/li>\n\n\n\n<li>Le coordonnateur du Comit\u00e9 national du TRANSCAER discute de toutes les mises en candidature avec\u00a0le pr\u00e9sident r\u00e9gional vis\u00e9.<\/li>\n\n\n\n<li>Chaque fois qu\u2019il y a un consensus entre le pr\u00e9sident r\u00e9gional vis\u00e9 et le coordonnateur du Comit\u00e9 national du TRANSCAER, le prix est remis.<\/li>\n<\/ol>\n\n\n\n<p>Remise du prix :<\/p>\n\n\n\n<ol class=\"wp-block-list\" style=\"list-style-type:lower-alpha\">\n<li>La remise du prix a lieu \u00e0 un \u00e9v\u00e9nement mutuellement convenu, o\u00f9 le ou les candidats peuvent \u00eatre reconnus devant leurs pairs, par exemple une rencontre du Comit\u00e9 r\u00e9gional du TRANSCAER ou les groupes de leadership.<\/li>\n<\/ol>\n\n\n\n<p>D. <strong>D\u00e9lais<\/strong><\/p>\n\n\n\n<ol class=\"wp-block-list\">\n<li>Les mises en candidature pour les prix sont accept\u00e9es du 1<sup>er<\/sup>&nbsp;janvier au 31&nbsp;d\u00e9cembre de l\u2019ann\u00e9e civile, la s\u00e9lection et la notification ayant lieu au cours du premier trimestre de l\u2019ann\u00e9e civile suivante.<\/li>\n<\/ol>\n","protected":false},"excerpt":{"rendered":"<p>A. Objet B. Prix offerts C. Crit\u00e8res de remise des prix et administration 1.&nbsp;PRIX DU SERVICE DISTINGU\u00c9 Crit\u00e8res&nbsp;: Processus de mise en candidature et de s\u00e9lection&nbsp;: Remise du prix : 2.PRIX DE LA R\u00c9ALISATION NATIONALE Crit\u00e8res : Processus : Remise du prix : 3. PRIX DE LA R\u00c9ALISATION R\u00c9GIONALE Crit\u00e8res : Processus : Remise du [&hellip;]<\/p>\n","protected":false},"author":4,"featured_media":0,"parent":0,"menu_order":3,"comment_status":"closed","ping_status":"closed","template":"template-page_title.php","meta":{"_acf_changed":false,"footnotes":""},"class_list":["post-1045","page","type-page","status-publish","hentry"],"acf":[],"yoast_head":"<!-- This site is optimized with the Yoast SEO plugin v27.4 - https:\/\/yoast.com\/product\/yoast-seo-wordpress\/ -->\n<title>PROTOCOLE DE REMISE DES PRIX - TRANSCAER<\/title>\n<meta name=\"robots\" content=\"index, follow, max-snippet:-1, max-image-preview:large, max-video-preview:-1\" \/>\n<link rel=\"canonical\" href=\"https:\/\/transcaer.canadianchemistry.ca\/fr\/award-protocols\/\" \/>\n<meta property=\"og:locale\" content=\"fr_FR\" \/>\n<meta property=\"og:type\" content=\"article\" \/>\n<meta property=\"og:title\" content=\"PROTOCOLE DE REMISE DES PRIX - TRANSCAER\" \/>\n<meta property=\"og:description\" content=\"A. Objet B. Prix offerts C. Crit\u00e8res de remise des prix et administration 1.&nbsp;PRIX DU SERVICE DISTINGU\u00c9 Crit\u00e8res&nbsp;: Processus de mise en candidature et de s\u00e9lection&nbsp;: Remise du prix : 2.PRIX DE LA R\u00c9ALISATION NATIONALE Crit\u00e8res : Processus : Remise du prix : 3. PRIX DE LA R\u00c9ALISATION R\u00c9GIONALE Crit\u00e8res : Processus : Remise du [&hellip;]\" \/>\n<meta property=\"og:url\" content=\"https:\/\/transcaer.canadianchemistry.ca\/fr\/award-protocols\/\" \/>\n<meta property=\"og:site_name\" content=\"TRANSCAER\" \/>\n<meta property=\"article:modified_time\" content=\"2026-02-04T20:13:07+00:00\" \/>\n<meta name=\"twitter:card\" content=\"summary_large_image\" \/>\n<meta name=\"twitter:label1\" content=\"Dur\u00e9e de lecture estim\u00e9e\" \/>\n\t<meta name=\"twitter:data1\" content=\"5 minutes\" \/>\n<script type=\"application\/ld+json\" class=\"yoast-schema-graph\">{\"@context\":\"https:\\\/\\\/schema.org\",\"@graph\":[{\"@type\":\"WebPage\",\"@id\":\"https:\\\/\\\/transcaer.canadianchemistry.ca\\\/fr\\\/award-protocols\\\/\",\"url\":\"https:\\\/\\\/transcaer.canadianchemistry.ca\\\/fr\\\/award-protocols\\\/\",\"name\":\"PROTOCOLE DE REMISE DES PRIX - TRANSCAER\",\"isPartOf\":{\"@id\":\"https:\\\/\\\/transcaer.canadianchemistry.ca\\\/fr\\\/#website\"},\"datePublished\":\"2023-12-08T22:02:15+00:00\",\"dateModified\":\"2026-02-04T20:13:07+00:00\",\"breadcrumb\":{\"@id\":\"https:\\\/\\\/transcaer.canadianchemistry.ca\\\/fr\\\/award-protocols\\\/#breadcrumb\"},\"inLanguage\":\"fr-FR\",\"potentialAction\":[{\"@type\":\"ReadAction\",\"target\":[\"https:\\\/\\\/transcaer.canadianchemistry.ca\\\/fr\\\/award-protocols\\\/\"]}]},{\"@type\":\"BreadcrumbList\",\"@id\":\"https:\\\/\\\/transcaer.canadianchemistry.ca\\\/fr\\\/award-protocols\\\/#breadcrumb\",\"itemListElement\":[{\"@type\":\"ListItem\",\"position\":1,\"name\":\"Home\",\"item\":\"https:\\\/\\\/transcaer.canadianchemistry.ca\\\/fr\\\/home-page\\\/\"},{\"@type\":\"ListItem\",\"position\":2,\"name\":\"PROTOCOLE DE REMISE DES PRIX\"}]},{\"@type\":\"WebSite\",\"@id\":\"https:\\\/\\\/transcaer.canadianchemistry.ca\\\/fr\\\/#website\",\"url\":\"https:\\\/\\\/transcaer.canadianchemistry.ca\\\/fr\\\/\",\"name\":\"TRANSCAER\",\"description\":\"\",\"potentialAction\":[{\"@type\":\"SearchAction\",\"target\":{\"@type\":\"EntryPoint\",\"urlTemplate\":\"https:\\\/\\\/transcaer.canadianchemistry.ca\\\/fr\\\/?s={search_term_string}\"},\"query-input\":{\"@type\":\"PropertyValueSpecification\",\"valueRequired\":true,\"valueName\":\"search_term_string\"}}],\"inLanguage\":\"fr-FR\"}]}<\/script>\n<!-- \/ Yoast SEO plugin. -->","yoast_head_json":{"title":"PROTOCOLE DE REMISE DES PRIX - TRANSCAER","robots":{"index":"index","follow":"follow","max-snippet":"max-snippet:-1","max-image-preview":"max-image-preview:large","max-video-preview":"max-video-preview:-1"},"canonical":"https:\/\/transcaer.canadianchemistry.ca\/fr\/award-protocols\/","og_locale":"fr_FR","og_type":"article","og_title":"PROTOCOLE DE REMISE DES PRIX - TRANSCAER","og_description":"A. Objet B. Prix offerts C. Crit\u00e8res de remise des prix et administration 1.&nbsp;PRIX DU SERVICE DISTINGU\u00c9 Crit\u00e8res&nbsp;: Processus de mise en candidature et de s\u00e9lection&nbsp;: Remise du prix : 2.PRIX DE LA R\u00c9ALISATION NATIONALE Crit\u00e8res : Processus : Remise du prix : 3. PRIX DE LA R\u00c9ALISATION R\u00c9GIONALE Crit\u00e8res : Processus : Remise du [&hellip;]","og_url":"https:\/\/transcaer.canadianchemistry.ca\/fr\/award-protocols\/","og_site_name":"TRANSCAER","article_modified_time":"2026-02-04T20:13:07+00:00","twitter_card":"summary_large_image","twitter_misc":{"Dur\u00e9e de lecture estim\u00e9e":"5 minutes"},"schema":{"@context":"https:\/\/schema.org","@graph":[{"@type":"WebPage","@id":"https:\/\/transcaer.canadianchemistry.ca\/fr\/award-protocols\/","url":"https:\/\/transcaer.canadianchemistry.ca\/fr\/award-protocols\/","name":"PROTOCOLE DE REMISE DES PRIX - TRANSCAER","isPartOf":{"@id":"https:\/\/transcaer.canadianchemistry.ca\/fr\/#website"},"datePublished":"2023-12-08T22:02:15+00:00","dateModified":"2026-02-04T20:13:07+00:00","breadcrumb":{"@id":"https:\/\/transcaer.canadianchemistry.ca\/fr\/award-protocols\/#breadcrumb"},"inLanguage":"fr-FR","potentialAction":[{"@type":"ReadAction","target":["https:\/\/transcaer.canadianchemistry.ca\/fr\/award-protocols\/"]}]},{"@type":"BreadcrumbList","@id":"https:\/\/transcaer.canadianchemistry.ca\/fr\/award-protocols\/#breadcrumb","itemListElement":[{"@type":"ListItem","position":1,"name":"Home","item":"https:\/\/transcaer.canadianchemistry.ca\/fr\/home-page\/"},{"@type":"ListItem","position":2,"name":"PROTOCOLE DE REMISE DES PRIX"}]},{"@type":"WebSite","@id":"https:\/\/transcaer.canadianchemistry.ca\/fr\/#website","url":"https:\/\/transcaer.canadianchemistry.ca\/fr\/","name":"TRANSCAER","description":"","potentialAction":[{"@type":"SearchAction","target":{"@type":"EntryPoint","urlTemplate":"https:\/\/transcaer.canadianchemistry.ca\/fr\/?s={search_term_string}"},"query-input":{"@type":"PropertyValueSpecification","valueRequired":true,"valueName":"search_term_string"}}],"inLanguage":"fr-FR"}]}},"_links":{"self":[{"href":"https:\/\/transcaer.canadianchemistry.ca\/fr\/wp-json\/wp\/v2\/pages\/1045","targetHints":{"allow":["GET"]}}],"collection":[{"href":"https:\/\/transcaer.canadianchemistry.ca\/fr\/wp-json\/wp\/v2\/pages"}],"about":[{"href":"https:\/\/transcaer.canadianchemistry.ca\/fr\/wp-json\/wp\/v2\/types\/page"}],"author":[{"embeddable":true,"href":"https:\/\/transcaer.canadianchemistry.ca\/fr\/wp-json\/wp\/v2\/users\/4"}],"replies":[{"embeddable":true,"href":"https:\/\/transcaer.canadianchemistry.ca\/fr\/wp-json\/wp\/v2\/comments?post=1045"}],"version-history":[{"count":3,"href":"https:\/\/transcaer.canadianchemistry.ca\/fr\/wp-json\/wp\/v2\/pages\/1045\/revisions"}],"predecessor-version":[{"id":1545,"href":"https:\/\/transcaer.canadianchemistry.ca\/fr\/wp-json\/wp\/v2\/pages\/1045\/revisions\/1545"}],"wp:attachment":[{"href":"https:\/\/transcaer.canadianchemistry.ca\/fr\/wp-json\/wp\/v2\/media?parent=1045"}],"curies":[{"name":"wp","href":"https:\/\/api.w.org\/{rel}","templated":true}]}}